{"id":230,"date":"2020-10-28T17:14:17","date_gmt":"2020-10-28T17:14:17","guid":{"rendered":"https:\/\/radioemisoravozdedios.com\/?page_id=230"},"modified":"2025-05-09T01:42:49","modified_gmt":"2025-05-09T01:42:49","slug":"conocenos","status":"publish","type":"page","link":"https:\/\/radioemisoravozdedios.com\/?page_id=230","title":{"rendered":"Conocenos"},"content":{"rendered":"\t\t<div data-elementor-type=\"wp-page\" data-elementor-id=\"230\" class=\"elementor elementor-230\">\n\t\t\t\t\t\t<section class=\"elementor-section elementor-top-section elementor-element elementor-element-350a4be6 elementor-section-content-middle elementor-section-height-min-height elementor-section-boxed elementor-section-height-default elementor-section-items-middle\" data-id=\"350a4be6\" data-element_type=\"section\" data-e-type=\"section\" data-settings=\"{&quot;background_background&quot;:&quot;classic&quot;,&quot;shape_divider_bottom&quot;:&quot;mountains&quot;}\">\n\t\t\t\t\t\t\t<div class=\"elementor-background-overlay\"><\/div>\n\t\t\t\t\t\t<div class=\"elementor-shape elementor-shape-bottom\" aria-hidden=\"true\" data-negative=\"false\">\n\t\t\t<svg xmlns=\"http:\/\/www.w3.org\/2000\/svg\" viewBox=\"0 0 1000 100\" preserveAspectRatio=\"none\">\n\t<path class=\"elementor-shape-fill\" opacity=\"0.33\" d=\"M473,67.3c-203.9,88.3-263.1-34-320.3,0C66,119.1,0,59.7,0,59.7V0h1000v59.7 c0,0-62.1,26.1-94.9,29.3c-32.8,3.3-62.8-12.3-75.8-22.1C806,49.6,745.3,8.7,694.9,4.7S492.4,59,473,67.3z\"\/>\n\t<path class=\"elementor-shape-fill\" opacity=\"0.66\" d=\"M734,67.3c-45.5,0-77.2-23.2-129.1-39.1c-28.6-8.7-150.3-10.1-254,39.1 s-91.7-34.4-149.2,0C115.7,118.3,0,39.8,0,39.8V0h1000v36.5c0,0-28.2-18.5-92.1-18.5C810.2,18.1,775.7,67.3,734,67.3z\"\/>\n\t<path class=\"elementor-shape-fill\" d=\"M766.1,28.9c-200-57.5-266,65.5-395.1,19.5C242,1.8,242,5.4,184.8,20.6C128,35.8,132.3,44.9,89.9,52.5C28.6,63.7,0,0,0,0 h1000c0,0-9.9,40.9-83.6,48.1S829.6,47,766.1,28.9z\"\/>\n<\/svg>\t\t<\/div>\n\t\t\t\t\t<div class=\"elementor-container elementor-column-gap-default\">\n\t\t\t\t\t<div class=\"elementor-column elementor-col-50 elementor-top-column elementor-element elementor-element-64016401\" data-id=\"64016401\" data-element_type=\"column\" data-e-type=\"column\">\n\t\t\t<div class=\"elementor-widget-wrap elementor-element-populated\">\n\t\t\t\t\t\t<div class=\"elementor-element elementor-element-7671d34c elementor-widget elementor-widget-heading\" data-id=\"7671d34c\" data-element_type=\"widget\" data-e-type=\"widget\" data-widget_type=\"heading.default\">\n\t\t\t\t<div class=\"elementor-widget-container\">\n\t\t\t\t\t<h2 class=\"elementor-heading-title elementor-size-default\">Conocenos<\/h2>\t\t\t\t<\/div>\n\t\t\t\t<\/div>\n\t\t\t\t\t<\/div>\n\t\t<\/div>\n\t\t\t\t<div class=\"elementor-column elementor-col-50 elementor-top-column elementor-element elementor-element-4c5c8038\" data-id=\"4c5c8038\" data-element_type=\"column\" data-e-type=\"column\">\n\t\t\t<div class=\"elementor-widget-wrap elementor-element-populated\">\n\t\t\t\t\t\t<div class=\"elementor-element elementor-element-f74757e elementor-icon-list--layout-inline elementor-widget__width-auto elementor-list-item-link-full_width elementor-widget elementor-widget-icon-list\" data-id=\"f74757e\" data-element_type=\"widget\" data-e-type=\"widget\" data-widget_type=\"icon-list.default\">\n\t\t\t\t<div class=\"elementor-widget-container\">\n\t\t\t\t\t\t\t<ul class=\"elementor-icon-list-items elementor-inline-items\">\n\t\t\t\t\t\t\t<li class=\"elementor-icon-list-item elementor-inline-item\">\n\t\t\t\t\t\t\t\t\t\t\t<a href=\"https:\/\/radioemisoravozdedios.com\/\">\n\n\t\t\t\t\t\t\t\t\t\t\t<span class=\"elementor-icon-list-text\">Inicio<\/span>\n\t\t\t\t\t\t\t\t\t\t\t<\/a>\n\t\t\t\t\t\t\t\t\t<\/li>\n\t\t\t\t\t\t\t\t<li class=\"elementor-icon-list-item elementor-inline-item\">\n\t\t\t\t\t\t\t\t\t\t<span class=\"elementor-icon-list-text\">Conocenos<\/span>\n\t\t\t\t\t\t\t\t\t<\/li>\n\t\t\t\t\t\t<\/ul>\n\t\t\t\t\t\t<\/div>\n\t\t\t\t<\/div>\n\t\t\t\t\t<\/div>\n\t\t<\/div>\n\t\t\t\t\t<\/div>\n\t\t<\/section>\n\t\t\t\t<section class=\"elementor-section elementor-top-section elementor-element elementor-element-c1c4c63 elementor-section-content-middle elementor-reverse-mobile elementor-section-boxed elementor-section-height-default elementor-section-height-default\" data-id=\"c1c4c63\" data-element_type=\"section\" data-e-type=\"section\">\n\t\t\t\t\t\t<div class=\"elementor-container elementor-column-gap-default\">\n\t\t\t\t\t<div class=\"elementor-column elementor-col-50 elementor-top-column elementor-element elementor-element-36e2eec3\" data-id=\"36e2eec3\" data-element_type=\"column\" data-e-type=\"column\">\n\t\t\t<div class=\"elementor-widget-wrap elementor-element-populated\">\n\t\t\t\t\t\t<div class=\"elementor-element elementor-element-1e1ec72a elementor-widget elementor-widget-heading\" data-id=\"1e1ec72a\" data-element_type=\"widget\" data-e-type=\"widget\" data-widget_type=\"heading.default\">\n\t\t\t\t<div class=\"elementor-widget-container\">\n\t\t\t\t\t<h2 class=\"elementor-heading-title elementor-size-default\">CON\u00d3CENOS<\/h2>\t\t\t\t<\/div>\n\t\t\t\t<\/div>\n\t\t\t\t<div class=\"elementor-element elementor-element-44066ced elementor-widget elementor-widget-text-editor\" data-id=\"44066ced\" data-element_type=\"widget\" data-e-type=\"widget\" data-widget_type=\"text-editor.default\">\n\t\t\t\t<div class=\"elementor-widget-container\">\n\t\t\t\t\t\t\t\t\t<p class=\"\" data-start=\"215\" data-end=\"516\"><span style=\"color: #000000;\"><strong data-start=\"215\" data-end=\"244\">Radio Emisora Voz De Dios<\/strong> es una emisora cristiana comprometida con proclamar el Evangelio de Jesucristo a trav\u00e9s de la m\u00fasica, la ense\u00f1anza b\u00edblica y mensajes de esperanza. Nacimos con el prop\u00f3sito de ser una voz que inspire fe, edifique corazones y acompa\u00f1e a cada oyente en su caminar con Dios.<\/span><\/p><p class=\"\" data-start=\"518\" data-end=\"751\"><span style=\"color: #000000;\">Somos un ministerio sin fines de lucro, sostenido por la gracia de Dios y el apoyo de personas como t\u00fa. Nuestro deseo es llegar a cada hogar, cada coraz\u00f3n y cada vida que necesite escuchar la voz de Dios en medio del ruido del mundo.<\/span><\/p><p class=\"\" data-start=\"753\" data-end=\"996\"><span style=\"color: #000000;\">Transmitimos 24\/7 con una programaci\u00f3n variada que incluye alabanzas, predicaciones, oraci\u00f3n y contenidos que fortalecen la fe. Creemos que la radio es una herramienta poderosa para extender el Reino de Dios y ser luz en medio de la oscuridad.<\/span><\/p><p class=\"\" data-start=\"998\" data-end=\"1128\"><span style=\"color: #000000;\"><strong data-start=\"998\" data-end=\"1128\">Gracias por sintonizarnos y ser parte de esta gran familia. \u00a1Bienvenido a Radio Emisora Voz De Dios, donde el cielo tiene voz!<\/strong><\/span><\/p>\t\t\t\t\t\t\t\t<\/div>\n\t\t\t\t<\/div>\n\t\t\t\t\t<\/div>\n\t\t<\/div>\n\t\t\t\t<div class=\"elementor-column elementor-col-50 elementor-top-column elementor-element elementor-element-433ada67\" data-id=\"433ada67\" data-element_type=\"column\" data-e-type=\"column\">\n\t\t\t<div class=\"elementor-widget-wrap elementor-element-populated\">\n\t\t\t\t\t\t<div class=\"elementor-element elementor-element-2eb9dc68 elementor-widget elementor-widget-image\" data-id=\"2eb9dc68\" data-element_type=\"widget\" data-e-type=\"widget\" data-widget_type=\"image.default\">\n\t\t\t\t<div class=\"elementor-widget-container\">\n\t\t\t\t\t\t\t\t\t\t\t\t\t\t\t<img fetchpriority=\"high\" decoding=\"async\" width=\"1275\" height=\"1275\" src=\"https:\/\/radioemisoravozdedios.com\/wp-content\/uploads\/2025\/05\/conocenos-remanente.png\" class=\"attachment-full size-full wp-image-1093\" alt=\"\" srcset=\"https:\/\/radioemisoravozdedios.com\/wp-content\/uploads\/2025\/05\/conocenos-remanente.png 1275w, https:\/\/radioemisoravozdedios.com\/wp-content\/uploads\/2025\/05\/conocenos-remanente-300x300.png 300w, https:\/\/radioemisoravozdedios.com\/wp-content\/uploads\/2025\/05\/conocenos-remanente-1024x1024.png 1024w, https:\/\/radioemisoravozdedios.com\/wp-content\/uploads\/2025\/05\/conocenos-remanente-150x150.png 150w, https:\/\/radioemisoravozdedios.com\/wp-content\/uploads\/2025\/05\/conocenos-remanente-768x768.png 768w\" sizes=\"(max-width: 1275px) 100vw, 1275px\" \/>\t\t\t\t\t\t\t\t\t\t\t\t\t\t\t<\/div>\n\t\t\t\t<\/div>\n\t\t\t\t\t<\/div>\n\t\t<\/div>\n\t\t\t\t\t<\/div>\n\t\t<\/section>\n\t\t\t\t<\/div>\n\t\t","protected":false},"excerpt":{"rendered":"<p>Conocenos Inicio Conocenos CON\u00d3CENOS Radio Emisora Voz De Dios es una emisora cristiana comprometida con proclamar el Evangelio de Jesucristo a trav\u00e9s de la m\u00fasica, la ense\u00f1anza b\u00edblica y mensajes de esperanza. Nacimos con el prop\u00f3sito de ser una voz que inspire fe, edifique corazones y acompa\u00f1e a cada oyente en su caminar con Dios. [&hellip;]<\/p>\n","protected":false},"author":1,"featured_media":0,"parent":0,"menu_order":0,"comment_status":"closed","ping_status":"closed","template":"elementor_header_footer","meta":{"footnotes":""},"class_list":["post-230","page","type-page","status-publish","hentry"],"_links":{"self":[{"href":"https:\/\/radioemisoravozdedios.com\/index.php?rest_route=\/wp\/v2\/pages\/230","targetHints":{"allow":["GET"]}}],"collection":[{"href":"https:\/\/radioemisoravozdedios.com\/index.php?rest_route=\/wp\/v2\/pages"}],"about":[{"href":"https:\/\/radioemisoravozdedios.com\/index.php?rest_route=\/wp\/v2\/types\/page"}],"author":[{"embeddable":true,"href":"https:\/\/radioemisoravozdedios.com\/index.php?rest_route=\/wp\/v2\/users\/1"}],"replies":[{"embeddable":true,"href":"https:\/\/radioemisoravozdedios.com\/index.php?rest_route=%2Fwp%2Fv2%2Fcomments&post=230"}],"version-history":[{"count":58,"href":"https:\/\/radioemisoravozdedios.com\/index.php?rest_route=\/wp\/v2\/pages\/230\/revisions"}],"predecessor-version":[{"id":1107,"href":"https:\/\/radioemisoravozdedios.com\/index.php?rest_route=\/wp\/v2\/pages\/230\/revisions\/1107"}],"wp:attachment":[{"href":"https:\/\/radioemisoravozdedios.com\/index.php?rest_route=%2Fwp%2Fv2%2Fmedia&parent=230"}],"curies":[{"name":"wp","href":"https:\/\/api.w.org\/{rel}","templated":true}]}}